{"id":1334,"date":"2025-02-10T11:04:25","date_gmt":"2025-02-10T09:04:25","guid":{"rendered":"https:\/\/kgaero.rs\/besucher\/"},"modified":"2025-11-05T16:21:22","modified_gmt":"2025-11-05T14:21:22","slug":"besucher","status":"publish","type":"page","link":"https:\/\/kgaero.rs\/de\/besucher\/","title":{"rendered":"Besucher"},"content":{"rendered":"\t\t<div data-elementor-type=\"wp-page\" data-elementor-id=\"1334\" class=\"elementor elementor-1334 elementor-805\" data-elementor-post-type=\"page\">\n\t\t\t\t<div class=\"elementor-element elementor-element-7caf682 e-con-full e-flex e-con e-parent\" data-id=\"7caf682\" data-element_type=\"container\" data-e-type=\"container\" id=\"showcase\" data-settings=\"{&quot;background_background&quot;:&quot;classic&quot;}\">\n\t\t\t\t<div class=\"elementor-element elementor-element-73ed710 elementor-widget__width-inherit elementor-widget elementor-widget-heading\" data-id=\"73ed710\" data-element_type=\"widget\" data-e-type=\"widget\" data-widget_type=\"heading.default\">\n\t\t\t\t<div class=\"elementor-widget-container\">\n\t\t\t\t\t<h2 class=\"elementor-heading-title elementor-size-default\">Besucher<\/h2>\t\t\t\t<\/div>\n\t\t\t\t<\/div>\n\t\t\t\t<\/div>\n\t\t<div class=\"elementor-element elementor-element-5bbd2ae e-con-full e-flex e-con e-parent\" data-id=\"5bbd2ae\" data-element_type=\"container\" data-e-type=\"container\" data-settings=\"{&quot;background_background&quot;:&quot;classic&quot;}\">\n\t\t\t\t<div class=\"elementor-element elementor-element-2d24b8e elementor-widget__width-inherit elementor-absolute elementor-align-center elementor-widget elementor-widget-lottie\" data-id=\"2d24b8e\" data-element_type=\"widget\" data-e-type=\"widget\" data-settings=\"{&quot;source_json&quot;:{&quot;url&quot;:&quot;https:\\\/\\\/kgaero.rs\\\/wp-content\\\/uploads\\\/2023\\\/08\\\/lines.json&quot;,&quot;id&quot;:351,&quot;size&quot;:&quot;&quot;,&quot;alt&quot;:&quot;&quot;,&quot;source&quot;:&quot;library&quot;},&quot;loop&quot;:&quot;yes&quot;,&quot;_position&quot;:&quot;absolute&quot;,&quot;source&quot;:&quot;media_file&quot;,&quot;caption_source&quot;:&quot;none&quot;,&quot;link_to&quot;:&quot;none&quot;,&quot;trigger&quot;:&quot;arriving_to_viewport&quot;,&quot;viewport&quot;:{&quot;unit&quot;:&quot;%&quot;,&quot;size&quot;:&quot;&quot;,&quot;sizes&quot;:{&quot;start&quot;:0,&quot;end&quot;:100}},&quot;play_speed&quot;:{&quot;unit&quot;:&quot;px&quot;,&quot;size&quot;:1,&quot;sizes&quot;:[]},&quot;start_point&quot;:{&quot;unit&quot;:&quot;%&quot;,&quot;size&quot;:0,&quot;sizes&quot;:[]},&quot;end_point&quot;:{&quot;unit&quot;:&quot;%&quot;,&quot;size&quot;:100,&quot;sizes&quot;:[]},&quot;renderer&quot;:&quot;svg&quot;}\" data-widget_type=\"lottie.default\">\n\t\t\t\t<div class=\"elementor-widget-container\">\n\t\t\t\t\t<div class=\"e-lottie__container\"><div class=\"e-lottie__animation\"><\/div><\/div>\t\t\t\t<\/div>\n\t\t\t\t<\/div>\n\t\t\t\t<div class=\"elementor-element elementor-element-f61e410 elementor-absolute elementor-widget elementor-widget-image\" data-id=\"f61e410\" data-element_type=\"widget\" data-e-type=\"widget\" data-settings=\"{&quot;_position&quot;:&quot;absolute&quot;}\" data-widget_type=\"image.default\">\n\t\t\t\t<div class=\"elementor-widget-container\">\n\t\t\t\t\t\t\t\t\t\t\t\t\t\t\t<img fetchpriority=\"high\" decoding=\"async\" width=\"1805\" height=\"967\" src=\"https:\/\/kgaero.rs\/wp-content\/uploads\/2023\/08\/Aviation_home9.png\" class=\"attachment-full size-full wp-image-1096\" alt=\"\" srcset=\"https:\/\/kgaero.rs\/wp-content\/uploads\/2023\/08\/Aviation_home9.png 1805w, https:\/\/kgaero.rs\/wp-content\/uploads\/2023\/08\/Aviation_home9-300x161.png 300w, https:\/\/kgaero.rs\/wp-content\/uploads\/2023\/08\/Aviation_home9-1024x549.png 1024w, https:\/\/kgaero.rs\/wp-content\/uploads\/2023\/08\/Aviation_home9-768x411.png 768w, https:\/\/kgaero.rs\/wp-content\/uploads\/2023\/08\/Aviation_home9-1536x823.png 1536w\" sizes=\"(max-width: 1805px) 100vw, 1805px\" \/>\t\t\t\t\t\t\t\t\t\t\t\t\t\t\t<\/div>\n\t\t\t\t<\/div>\n\t\t<div class=\"elementor-element elementor-element-9401e89 e-flex e-con-boxed e-con e-child\" data-id=\"9401e89\" data-element_type=\"container\" data-e-type=\"container\" data-settings=\"{&quot;background_background&quot;:&quot;classic&quot;}\">\n\t\t\t\t\t<div class=\"e-con-inner\">\n\t\t<div class=\"elementor-element elementor-element-4ced5c5 e-con-full e-flex e-con e-child\" data-id=\"4ced5c5\" data-element_type=\"container\" data-e-type=\"container\">\n\t\t\t\t<div class=\"elementor-element elementor-element-8aca62a elementor-widget__width-inherit elementor-widget elementor-widget-heading\" data-id=\"8aca62a\" data-element_type=\"widget\" data-e-type=\"widget\" data-widget_type=\"heading.default\">\n\t\t\t\t<div class=\"elementor-widget-container\">\n\t\t\t\t\t<h2 class=\"elementor-heading-title elementor-size-default\">Leistungen<\/h2>\t\t\t\t<\/div>\n\t\t\t\t<\/div>\n\t\t\t\t<div class=\"elementor-element elementor-element-6bc51d5 elementor-widget elementor-widget-text-editor\" data-id=\"6bc51d5\" data-element_type=\"widget\" data-e-type=\"widget\" data-widget_type=\"text-editor.default\">\n\t\t\t\t<div class=\"elementor-widget-container\">\n\t\t\t\t\t\t\t\t\t<p><strong>Informationsflug:<\/strong><\/p>\n<p><strong>Sportzentrum\u00a0 <a href=\"https:\/\/scpampas.rs\/\" target=\"_blank\" rel=\"noopener\">\u201ePampas\u201c<\/a><\/strong><\/p>\n<ul>\n<li>Fu\u00dfballplatz mit Kunstrasen<\/li>\n<li>Kleinfu\u00dfballfelder<\/li>\n<li>Padelpl\u00e4tze von h\u00f6chster Qualit\u00e4t<\/li>\n<\/ul>\n<p>&nbsp;<\/p>\n<p><strong>Restaurant <a href=\"https:\/\/scpampas.rs\/\" target=\"_blank\" rel=\"noopener\">\u201ePampas\u201c<\/a><\/strong><\/p>\n<ul>\n<li>K\u00f6stliche Spezialit\u00e4ten<\/li>\n<li>Saftige und aromatische Lammgerichte, typisch f\u00fcr die Region<\/li>\n<\/ul>\n<p>&nbsp;<\/p>\n<p><strong>\u00c0-la-carte-Restaurant <a href=\"https:\/\/culinaris.rs\/\" target=\"_blank\" rel=\"noopener\">\u201eCulinaris\u201c<\/a><\/strong><\/p>\n<ul>\n<li>Modernes Restaurant mit anspruchsvollem Ambiente und gro\u00dfer Auswahl an Speisen und Getr\u00e4nken<\/li>\n<li>Weinsaal<\/li>\n<\/ul>\n\t\t\t\t\t\t\t\t<\/div>\n\t\t\t\t<\/div>\n\t\t\t\t<\/div>\n\t\t<div class=\"elementor-element elementor-element-92d00ee e-con-full e-flex e-con e-child\" data-id=\"92d00ee\" data-element_type=\"container\" data-e-type=\"container\">\n\t\t\t\t<div class=\"elementor-element elementor-element-26188bd elementor-widget__width-initial elementor-widget elementor-widget-image\" data-id=\"26188bd\" data-element_type=\"widget\" data-e-type=\"widget\" data-widget_type=\"image.default\">\n\t\t\t\t<div class=\"elementor-widget-container\">\n\t\t\t\t\t\t\t\t\t\t\t\t\t\t\t<img decoding=\"async\" width=\"800\" height=\"534\" src=\"https:\/\/kgaero.rs\/wp-content\/uploads\/2025\/02\/Posetioci-3-1024x684.jpg\" class=\"attachment-large size-large wp-image-1184\" alt=\"\" srcset=\"https:\/\/kgaero.rs\/wp-content\/uploads\/2025\/02\/Posetioci-3-1024x684.jpg 1024w, https:\/\/kgaero.rs\/wp-content\/uploads\/2025\/02\/Posetioci-3-300x200.jpg 300w, https:\/\/kgaero.rs\/wp-content\/uploads\/2025\/02\/Posetioci-3-768x513.jpg 768w, https:\/\/kgaero.rs\/wp-content\/uploads\/2025\/02\/Posetioci-3-1536x1025.jpg 1536w, https:\/\/kgaero.rs\/wp-content\/uploads\/2025\/02\/Posetioci-3.jpg 1600w\" sizes=\"(max-width: 800px) 100vw, 800px\" \/>\t\t\t\t\t\t\t\t\t\t\t\t\t\t\t<\/div>\n\t\t\t\t<\/div>\n\t\t\t\t<div class=\"elementor-element elementor-element-f05c92d elementor-widget__width-initial elementor-widget elementor-widget-image\" data-id=\"f05c92d\" data-element_type=\"widget\" data-e-type=\"widget\" data-widget_type=\"image.default\">\n\t\t\t\t<div class=\"elementor-widget-container\">\n\t\t\t\t\t\t\t\t\t\t\t\t\t\t\t<img decoding=\"async\" width=\"800\" height=\"534\" src=\"https:\/\/kgaero.rs\/wp-content\/uploads\/2025\/02\/Posetioci-4-1024x684.jpg\" class=\"attachment-large size-large wp-image-1180\" alt=\"\" srcset=\"https:\/\/kgaero.rs\/wp-content\/uploads\/2025\/02\/Posetioci-4-1024x684.jpg 1024w, https:\/\/kgaero.rs\/wp-content\/uploads\/2025\/02\/Posetioci-4-300x200.jpg 300w, https:\/\/kgaero.rs\/wp-content\/uploads\/2025\/02\/Posetioci-4-768x513.jpg 768w, https:\/\/kgaero.rs\/wp-content\/uploads\/2025\/02\/Posetioci-4-1536x1025.jpg 1536w, https:\/\/kgaero.rs\/wp-content\/uploads\/2025\/02\/Posetioci-4.jpg 1600w\" sizes=\"(max-width: 800px) 100vw, 800px\" \/>\t\t\t\t\t\t\t\t\t\t\t\t\t\t\t<\/div>\n\t\t\t\t<\/div>\n\t\t\t\t<div class=\"elementor-element elementor-element-d3ceeb5 elementor-widget__width-initial elementor-widget elementor-widget-image\" data-id=\"d3ceeb5\" data-element_type=\"widget\" data-e-type=\"widget\" data-widget_type=\"image.default\">\n\t\t\t\t<div class=\"elementor-widget-container\">\n\t\t\t\t\t\t\t\t\t\t\t\t\t\t\t<img loading=\"lazy\" decoding=\"async\" width=\"800\" height=\"534\" src=\"https:\/\/kgaero.rs\/wp-content\/uploads\/2025\/02\/Posetioci-2-1024x683.jpg\" class=\"attachment-large size-large wp-image-1178\" alt=\"\" srcset=\"https:\/\/kgaero.rs\/wp-content\/uploads\/2025\/02\/Posetioci-2-1024x683.jpg 1024w, https:\/\/kgaero.rs\/wp-content\/uploads\/2025\/02\/Posetioci-2-300x200.jpg 300w, https:\/\/kgaero.rs\/wp-content\/uploads\/2025\/02\/Posetioci-2-768x512.jpg 768w, https:\/\/kgaero.rs\/wp-content\/uploads\/2025\/02\/Posetioci-2-1536x1024.jpg 1536w, https:\/\/kgaero.rs\/wp-content\/uploads\/2025\/02\/Posetioci-2.jpg 1600w\" sizes=\"(max-width: 800px) 100vw, 800px\" \/>\t\t\t\t\t\t\t\t\t\t\t\t\t\t\t<\/div>\n\t\t\t\t<\/div>\n\t\t\t\t<\/div>\n\t\t\t\t\t<\/div>\n\t\t\t\t<\/div>\n\t\t\t\t<\/div>\n\t\t\t\t<\/div>\n\t\t","protected":false},"excerpt":{"rendered":"<p>Leistungen Informationsflug: Sportzentrum\u00a0 \u201ePampas\u201c Fu\u00dfballplatz mit Kunstrasen Kleinfu\u00dfballfelder Padelpl\u00e4tze von h\u00f6chster Qualit\u00e4t &nbsp; Restaurant \u201ePampas\u201c K\u00f6stliche Spezialit\u00e4ten Saftige und aromatische Lammgerichte, typisch f\u00fcr die Region &nbsp; \u00c0-la-carte-Restaurant \u201eCulinaris\u201c Modernes Restaurant mit anspruchsvollem Ambiente und gro\u00dfer Auswahl an Speisen und Getr\u00e4nken Weinsaal<\/p>\n","protected":false},"author":1,"featured_media":0,"parent":0,"menu_order":0,"comment_status":"closed","ping_status":"closed","template":"","meta":{"footnotes":""},"class_list":["post-1334","page","type-page","status-publish","hentry"],"_links":{"self":[{"href":"https:\/\/kgaero.rs\/de\/wp-json\/wp\/v2\/pages\/1334","targetHints":{"allow":["GET"]}}],"collection":[{"href":"https:\/\/kgaero.rs\/de\/wp-json\/wp\/v2\/pages"}],"about":[{"href":"https:\/\/kgaero.rs\/de\/wp-json\/wp\/v2\/types\/page"}],"author":[{"embeddable":true,"href":"https:\/\/kgaero.rs\/de\/wp-json\/wp\/v2\/users\/1"}],"replies":[{"embeddable":true,"href":"https:\/\/kgaero.rs\/de\/wp-json\/wp\/v2\/comments?post=1334"}],"version-history":[{"count":5,"href":"https:\/\/kgaero.rs\/de\/wp-json\/wp\/v2\/pages\/1334\/revisions"}],"predecessor-version":[{"id":2386,"href":"https:\/\/kgaero.rs\/de\/wp-json\/wp\/v2\/pages\/1334\/revisions\/2386"}],"wp:attachment":[{"href":"https:\/\/kgaero.rs\/de\/wp-json\/wp\/v2\/media?parent=1334"}],"curies":[{"name":"wp","href":"https:\/\/api.w.org\/{rel}","templated":true}]}}